{"id":14,"date":"2023-10-16T02:49:36","date_gmt":"2023-10-16T02:49:36","guid":{"rendered":"https:\/\/www.nexus-rd.de\/?page_id=14"},"modified":"2023-10-16T02:49:36","modified_gmt":"2023-10-16T02:49:36","slug":"impressum","status":"publish","type":"page","link":"https:\/\/www.nexus-rd.de\/index.php\/impressum\/","title":{"rendered":"Impressum"},"content":{"rendered":"\n<h3 class=\"wp-block-heading\" id=\"verantwortlicher\">Inhaltlich verantwortlich<\/h3>\n\n\n\n<p>S\u00f6ren Thiering<\/p>\n\n\n\n<p>Am Holl\u00e4nder Weg 19<br>06366 K\u00f6then (Anhalt)<\/p>\n\n\n\n<p>Telefon: 0177\/2783108<br>Fax: <br>E-Mail: webmaster@nexus-rd.de<\/p>\n","protected":false},"excerpt":{"rendered":"<p>Inhaltlich verantwortlich S\u00f6ren Thiering Am Holl\u00e4nder Weg 1906366 K\u00f6then (Anhalt) Telefon: 0177\/2783108Fax: E-Mail: webmaster@nexus-rd.de<\/p>\n","protected":false},"author":1,"featured_media":0,"parent":0,"menu_order":0,"comment_status":"closed","ping_status":"closed","template":"","meta":{"footnotes":""},"class_list":["post-14","page","type-page","status-publish","hentry"],"_links":{"self":[{"href":"https:\/\/www.nexus-rd.de\/index.php\/wp-json\/wp\/v2\/pages\/14","targetHints":{"allow":["GET"]}}],"collection":[{"href":"https:\/\/www.nexus-rd.de\/index.php\/wp-json\/wp\/v2\/pages"}],"about":[{"href":"https:\/\/www.nexus-rd.de\/index.php\/wp-json\/wp\/v2\/types\/page"}],"author":[{"embeddable":true,"href":"https:\/\/www.nexus-rd.de\/index.php\/wp-json\/wp\/v2\/users\/1"}],"replies":[{"embeddable":true,"href":"https:\/\/www.nexus-rd.de\/index.php\/wp-json\/wp\/v2\/comments?post=14"}],"version-history":[{"count":1,"href":"https:\/\/www.nexus-rd.de\/index.php\/wp-json\/wp\/v2\/pages\/14\/revisions"}],"predecessor-version":[{"id":15,"href":"https:\/\/www.nexus-rd.de\/index.php\/wp-json\/wp\/v2\/pages\/14\/revisions\/15"}],"wp:attachment":[{"href":"https:\/\/www.nexus-rd.de\/index.php\/wp-json\/wp\/v2\/media?parent=14"}],"curies":[{"name":"wp","href":"https:\/\/api.w.org\/{rel}","templated":true}]}}